{"id":99,"date":"2013-01-06T19:38:02","date_gmt":"2013-01-06T19:38:02","guid":{"rendered":"http:\/\/www.50aniversariocecallosa.jmremedia.com\/?page_id=99"},"modified":"2013-01-06T20:29:44","modified_gmt":"2013-01-06T20:29:44","slug":"foto-aerea-cortesia-de-manuel-perez","status":"publish","type":"page","link":"http:\/\/www.50aniversariocecallosa.jmremedia.com\/?page_id=99","title":{"rendered":"Foto a\u00e9rea (cortes\u00eda de Manuel P\u00e9rez)"},"content":{"rendered":"<div align=\"center\"><img loading=\"lazy\" decoding=\"async\" class=\"size-medium wp-image-60 aligncenter\" alt=\"Cartel 50 aniversario\" src=\"http:\/\/www.50aniversariocecallosa.jmremedia.com\/wp-content\/uploads\/2013\/01\/Cartel_IMG_7264-218x300.jpg\" width=\"218\" height=\"300\" srcset=\"http:\/\/www.50aniversariocecallosa.jmremedia.com\/wp-content\/uploads\/2013\/01\/Cartel_IMG_7264-218x300.jpg 218w, http:\/\/www.50aniversariocecallosa.jmremedia.com\/wp-content\/uploads\/2013\/01\/Cartel_IMG_7264-744x1024.jpg 744w\" sizes=\"auto, (max-width: 218px) 100vw, 218px\" \/><\/div>\n<p><\/p>\n<div align=\"center\"><img loading=\"lazy\" decoding=\"async\" src=\"http:\/\/www.50aniversariocecallosa.jmremedia.com\/wp-content\/uploads\/2013\/01\/Manuel_Perez_Parapente_low.jpg\" alt=\"Manuel_Perez_Parapente_low\" width=\"550\" height=\"367\" class=\"aligncenter size-full wp-image-103\" srcset=\"http:\/\/www.50aniversariocecallosa.jmremedia.com\/wp-content\/uploads\/2013\/01\/Manuel_Perez_Parapente_low.jpg 550w, http:\/\/www.50aniversariocecallosa.jmremedia.com\/wp-content\/uploads\/2013\/01\/Manuel_Perez_Parapente_low-300x200.jpg 300w\" sizes=\"auto, (max-width: 550px) 100vw, 550px\" \/><\/div>\n<p>\n<a href=\"http:\/\/www.50aniversariocecallosa.jmremedia.com\/wp-content\/uploads\/2013\/01\/Manuel_Perez_Parapente.zip\" target=\"_blank\">Ver foto a gran resoluci\u00f3n [+]<\/a><\/p>\n<p style=\"text-align: center;\"><a href=\"http:\/\/www.50aniversariocecallosa.jmremedia.com\/?page_id=55\" >Volver<\/a><\/p>\n","protected":false},"excerpt":{"rendered":"<p>Ver foto a gran resoluci\u00f3n [+] Volver<\/p>\n","protected":false},"author":1,"featured_media":0,"parent":73,"menu_order":0,"comment_status":"open","ping_status":"open","template":"","meta":{"ngg_post_thumbnail":0,"footnotes":""},"class_list":["post-99","page","type-page","status-publish","hentry"],"_links":{"self":[{"href":"http:\/\/www.50aniversariocecallosa.jmremedia.com\/index.php?rest_route=\/wp\/v2\/pages\/99","targetHints":{"allow":["GET"]}}],"collection":[{"href":"http:\/\/www.50aniversariocecallosa.jmremedia.com\/index.php?rest_route=\/wp\/v2\/pages"}],"about":[{"href":"http:\/\/www.50aniversariocecallosa.jmremedia.com\/index.php?rest_route=\/wp\/v2\/types\/page"}],"author":[{"embeddable":true,"href":"http:\/\/www.50aniversariocecallosa.jmremedia.com\/index.php?rest_route=\/wp\/v2\/users\/1"}],"replies":[{"embeddable":true,"href":"http:\/\/www.50aniversariocecallosa.jmremedia.com\/index.php?rest_route=%2Fwp%2Fv2%2Fcomments&post=99"}],"version-history":[{"count":3,"href":"http:\/\/www.50aniversariocecallosa.jmremedia.com\/index.php?rest_route=\/wp\/v2\/pages\/99\/revisions"}],"predecessor-version":[{"id":120,"href":"http:\/\/www.50aniversariocecallosa.jmremedia.com\/index.php?rest_route=\/wp\/v2\/pages\/99\/revisions\/120"}],"up":[{"embeddable":true,"href":"http:\/\/www.50aniversariocecallosa.jmremedia.com\/index.php?rest_route=\/wp\/v2\/pages\/73"}],"wp:attachment":[{"href":"http:\/\/www.50aniversariocecallosa.jmremedia.com\/index.php?rest_route=%2Fwp%2Fv2%2Fmedia&parent=99"}],"curies":[{"name":"wp","href":"https:\/\/api.w.org\/{rel}","templated":true}]}}