{"id":9,"date":"2011-11-14T15:43:19","date_gmt":"2011-11-14T15:43:19","guid":{"rendered":"http:\/\/www.50aniversariocecallosa.jmremedia.com\/?page_id=9"},"modified":"2013-01-06T09:59:12","modified_gmt":"2013-01-06T09:59:12","slug":"subida-del-belen","status":"publish","type":"page","link":"http:\/\/www.50aniversariocecallosa.jmremedia.com\/?page_id=9","title":{"rendered":"Subida del Bel\u00e9n"},"content":{"rendered":"<p>A continuaci\u00f3n os mostramos algunos de los v\u00eddeos realizados durante la subida del bel\u00e9n:<\/p>\n<p><strong>Subida Bel\u00e9n (1976 &#8211; 1977 &#8211; 1978)<\/strong><\/p>\n<p>[wposflv src=http:\/\/www.50aniversariocecallosa.jmremedia.com\/video_origen\/Subida_belen_1976_1977_1978_480x360.flv previewimage=http:\/\/www.50aniversariocecallosa.jmremedia.com\/video_origen\/Subida_belen_1976_1977_1978_480x360.jpeg width=580 height=435 title=\u00bbXXI Subida Bel\u00e9n (18 de diciembre de 1983)\u00bb]<br \/>\n<a href=\"http:\/\/www.50aniversariocecallosa.jmremedia.com\/video_origen\/Subida_belen_1976_1977_1978.avi\" target=\"_blank\">Descargar video formato AVI [+]<\/a><\/p>\n<p><strong>XXI Subida Bel\u00e9n (18 de diciembre de 1983)<\/strong><\/p>\n<p>[wposflv src=http:\/\/www.50aniversariocecallosa.jmremedia.com\/video_origen\/XXI_Subida_belen_18-12-1983_480x360.flv previewimage=http:\/\/www.50aniversariocecallosa.jmremedia.com\/video_origen\/XXI_Subida_belen_18-12-1983_480x360.jpeg width=580 height=435 title=\u00bbXXI Subida Bel\u00e9n (18 de diciembre de 1983)\u00bb]<br \/>\n<a href=\"http:\/\/www.50aniversariocecallosa.jmremedia.com\/video_origen\/XXI_Subida_belen_18-12-1983.avi\" target=\"_blank\">Descargar video formato AVI [+]<\/a><\/p>\n<p><strong>XXIII Subida Bel\u00e9n (15 de diciembre de 1985)<\/strong><\/p>\n<p>[wposflv src=http:\/\/www.50aniversariocecallosa.jmremedia.com\/video_origen\/XXIII_Subida_belen_15-12-85_480x360.flv previewimage=http:\/\/www.50aniversariocecallosa.jmremedia.com\/video_origen\/XXIII_Subida_belen_15-12-85_480x360.jpeg width=580 height=435 title=\u00bbXXIII Subida Bel\u00e9n (15 de diciembre de 1985)\u00bb]<br \/>\n<a href=\"http:\/\/www.50aniversariocecallosa.jmremedia.com\/video_origen\/XXIII_Subida_belen_15-12-85.avi\" target=\"_blank\">Descargar video formato AVI [+]<\/a><\/p>\n<p><strong>XXV Subida Bel\u00e9n (20 de diciembre de 1987)<\/strong><\/p>\n<p>[wposflv src=http:\/\/www.50aniversariocecallosa.jmremedia.com\/video_origen\/XXV_Subida_belen_20-12-87_480x360.flv previewimage=http:\/\/www.50aniversariocecallosa.jmremedia.com\/video_origen\/XXV_Subida_belen_20-12-87_480x360.jpeg width=580 height=435 title=\u00bbXXV Subida Bel\u00e9n (20 de diciembre de 1987)\u00bb]<br \/>\n<a href=\"http:\/\/www.50aniversariocecallosa.jmremedia.com\/video_origen\/XXV_Subida_belen_20-12-87.avi\" target=\"_blank\">Descargar video formato AVI [+]<\/a><\/p>\n","protected":false},"excerpt":{"rendered":"<p>A continuaci\u00f3n os mostramos algunos de los v\u00eddeos realizados durante la subida del bel\u00e9n: Subida Bel\u00e9n (1976 &#8211; 1977 &#8211; 1978) [wposflv src=http:\/\/www.50aniversariocecallosa.jmremedia.com\/video_origen\/Subida_belen_1976_1977_1978_480x360.flv previewimage=http:\/\/www.50aniversariocecallosa.jmremedia.com\/video_origen\/Subida_belen_1976_1977_1978_480x360.jpeg width=580 height=435 title=\u00bbXXI Subida Bel\u00e9n (18 de diciembre de 1983)\u00bb] Descargar video formato AVI [+] XXI &hellip; <a href=\"http:\/\/www.50aniversariocecallosa.jmremedia.com\/?page_id=9\">Sigue leyendo <span class=\"meta-nav\">&rarr;<\/span><\/a><\/p>\n","protected":false},"author":1,"featured_media":0,"parent":0,"menu_order":0,"comment_status":"closed","ping_status":"closed","template":"","meta":{"ngg_post_thumbnail":0,"footnotes":""},"class_list":["post-9","page","type-page","status-publish","hentry"],"_links":{"self":[{"href":"http:\/\/www.50aniversariocecallosa.jmremedia.com\/index.php?rest_route=\/wp\/v2\/pages\/9","targetHints":{"allow":["GET"]}}],"collection":[{"href":"http:\/\/www.50aniversariocecallosa.jmremedia.com\/index.php?rest_route=\/wp\/v2\/pages"}],"about":[{"href":"http:\/\/www.50aniversariocecallosa.jmremedia.com\/index.php?rest_route=\/wp\/v2\/types\/page"}],"author":[{"embeddable":true,"href":"http:\/\/www.50aniversariocecallosa.jmremedia.com\/index.php?rest_route=\/wp\/v2\/users\/1"}],"replies":[{"embeddable":true,"href":"http:\/\/www.50aniversariocecallosa.jmremedia.com\/index.php?rest_route=%2Fwp%2Fv2%2Fcomments&post=9"}],"version-history":[{"count":8,"href":"http:\/\/www.50aniversariocecallosa.jmremedia.com\/index.php?rest_route=\/wp\/v2\/pages\/9\/revisions"}],"predecessor-version":[{"id":53,"href":"http:\/\/www.50aniversariocecallosa.jmremedia.com\/index.php?rest_route=\/wp\/v2\/pages\/9\/revisions\/53"}],"wp:attachment":[{"href":"http:\/\/www.50aniversariocecallosa.jmremedia.com\/index.php?rest_route=%2Fwp%2Fv2%2Fmedia&parent=9"}],"curies":[{"name":"wp","href":"https:\/\/api.w.org\/{rel}","templated":true}]}}