{"id":88,"date":"2013-01-06T19:17:51","date_gmt":"2013-01-06T19:17:51","guid":{"rendered":"http:\/\/www.50aniversariocecallosa.jmremedia.com\/?page_id=88"},"modified":"2013-01-06T19:20:53","modified_gmt":"2013-01-06T19:20:53","slug":"subida-del-belen-fotos-de-paco-marco","status":"publish","type":"page","link":"http:\/\/www.50aniversariocecallosa.jmremedia.com\/?page_id=88","title":{"rendered":"Subida del Bel\u00e9n (Fotos de Paco Marco)"},"content":{"rendered":"<div align=\"center\"><img loading=\"lazy\" decoding=\"async\" alt=\"Cartel 50 aniversario\" src=\"http:\/\/www.50aniversariocecallosa.jmremedia.com\/wp-content\/uploads\/2013\/01\/Cartel_IMG_7264-218x300.jpg\" width=\"218\" height=\"300\" \/><\/div>\n<p>El d\u00eda 16 de diciembre se llev\u00f3 a cabo la 50 subida del Bel\u00e9n a la Sierra. Fotos cortes\u00eda de Paco Marcos.<\/p>\nngg_shortcode_0_placeholder\n<p>&nbsp;<\/p>\n<p style=\"text-align: center;\"><a href=\"http:\/\/www.50aniversariocecallosa.jmremedia.com\/?page_id=55\" target=\"_blank\">Volver<\/a><\/p>\n<p>&nbsp;<\/p>\n<p>&nbsp;<\/p>\n","protected":false},"excerpt":{"rendered":"<p>El d\u00eda 16 de diciembre se llev\u00f3 a cabo la 50 subida del Bel\u00e9n a la Sierra. Fotos cortes\u00eda de Paco Marcos. &nbsp; Volver &nbsp; &nbsp;<\/p>\n","protected":false},"author":1,"featured_media":0,"parent":73,"menu_order":0,"comment_status":"open","ping_status":"open","template":"","meta":{"ngg_post_thumbnail":0,"footnotes":""},"class_list":["post-88","page","type-page","status-publish","hentry"],"_links":{"self":[{"href":"http:\/\/www.50aniversariocecallosa.jmremedia.com\/index.php?rest_route=\/wp\/v2\/pages\/88","targetHints":{"allow":["GET"]}}],"collection":[{"href":"http:\/\/www.50aniversariocecallosa.jmremedia.com\/index.php?rest_route=\/wp\/v2\/pages"}],"about":[{"href":"http:\/\/www.50aniversariocecallosa.jmremedia.com\/index.php?rest_route=\/wp\/v2\/types\/page"}],"author":[{"embeddable":true,"href":"http:\/\/www.50aniversariocecallosa.jmremedia.com\/index.php?rest_route=\/wp\/v2\/users\/1"}],"replies":[{"embeddable":true,"href":"http:\/\/www.50aniversariocecallosa.jmremedia.com\/index.php?rest_route=%2Fwp%2Fv2%2Fcomments&post=88"}],"version-history":[{"count":1,"href":"http:\/\/www.50aniversariocecallosa.jmremedia.com\/index.php?rest_route=\/wp\/v2\/pages\/88\/revisions"}],"predecessor-version":[{"id":92,"href":"http:\/\/www.50aniversariocecallosa.jmremedia.com\/index.php?rest_route=\/wp\/v2\/pages\/88\/revisions\/92"}],"up":[{"embeddable":true,"href":"http:\/\/www.50aniversariocecallosa.jmremedia.com\/index.php?rest_route=\/wp\/v2\/pages\/73"}],"wp:attachment":[{"href":"http:\/\/www.50aniversariocecallosa.jmremedia.com\/index.php?rest_route=%2Fwp%2Fv2%2Fmedia&parent=88"}],"curies":[{"name":"wp","href":"https:\/\/api.w.org\/{rel}","templated":true}]}}