{"id":73,"date":"2013-01-06T11:34:59","date_gmt":"2013-01-06T11:34:59","guid":{"rendered":"http:\/\/www.50aniversariocecallosa.jmremedia.com\/?page_id=73"},"modified":"2013-01-07T17:11:24","modified_gmt":"2013-01-07T17:11:24","slug":"subida-del-belen-50-aniversario","status":"publish","type":"page","link":"http:\/\/www.50aniversariocecallosa.jmremedia.com\/?page_id=73","title":{"rendered":"Reportaje especial del 50\u00ba Aniversario de la Subida del Bel\u00e9n"},"content":{"rendered":"<div align=\"center\"><img loading=\"lazy\" decoding=\"async\" class=\"size-medium wp-image-60 aligncenter\" alt=\"Cartel 50 aniversario\" src=\"http:\/\/www.50aniversariocecallosa.jmremedia.com\/wp-content\/uploads\/2013\/01\/Cartel_IMG_7264-218x300.jpg\" width=\"218\" height=\"300\" srcset=\"http:\/\/www.50aniversariocecallosa.jmremedia.com\/wp-content\/uploads\/2013\/01\/Cartel_IMG_7264-218x300.jpg 218w, http:\/\/www.50aniversariocecallosa.jmremedia.com\/wp-content\/uploads\/2013\/01\/Cartel_IMG_7264-744x1024.jpg 744w\" sizes=\"auto, (max-width: 218px) 100vw, 218px\" \/><\/div>\n<p><strong>Documentos<\/strong><\/p>\n<ul>\n<li>\u00a0<a href=\"http:\/\/www.50aniversariocecallosa.jmremedia.com\/wp-content\/uploads\/2013\/01\/porteadores_50_aniversario.pdf\" target=\"_blank\">Porteadores de la 50\u00ba subida del bel\u00e9n a la cruz de Enmedio [+]<\/a><\/li>\n<\/ul>\n<p><strong>Fotos<\/strong><\/p>\n<ul>\n<li><a title=\"Subida del Bel\u00e9n\" href=\"http:\/\/www.50aniversariocecallosa.jmremedia.com\/?page_id=9\">Subida del Bel\u00e9n a la sierra [+]<\/a><\/li>\n<li><a title=\"Subida del Bel\u00e9n (Fotos de Paco Marco)\" href=\"http:\/\/www.50aniversariocecallosa.jmremedia.com\/?page_id=88\">Subida del Bel\u00e9n (Paco Marco) [+]<\/a><\/li>\n<li><a title=\"Compartido en facebook\" href=\"http:\/\/www.50aniversariocecallosa.jmremedia.com\/?page_id=95\">Fotos compartidas en facebook y de Mari Cruz [+]<\/a><\/li>\n<li><a title=\"Compartido en facebook\" href=\"http:\/\/www.50aniversariocecallosa.jmremedia.com\/?page_id=99\">Foto a\u00e9rea (cortes\u00eda de Manuel P\u00e9rez) [+]<\/a><\/li>\n<li><a title=\"Subida al Bel\u00e9n (cortes\u00eda de Jes\u00fas Franco G\u00f3mez)\" href=\"http:\/\/www.50aniversariocecallosa.jmremedia.com\/?page_id=107\">Subida al Bel\u00e9n (cortes\u00eda de Jes\u00fas Franco G\u00f3mez) &#8211; Reportaje 1 [+]<\/a><\/li>\n<li><a title=\"Subida al Bel\u00e9n (cortes\u00eda de Jes\u00fas Franco G\u00f3mez)\" href=\"http:\/\/www.50aniversariocecallosa.jmremedia.com\/?page_id=108\">Subida al Bel\u00e9n (cortes\u00eda de Jes\u00fas Franco G\u00f3mez) &#8211; Reportaje 2 [+]<\/a><\/li>\n<\/ul>\n<p><strong>V\u00eddeos<\/strong><\/p>\n<p><iframe loading=\"lazy\" width=\"600\" height=\"450\" src=\"http:\/\/www.youtube-nocookie.com\/embed\/kBISkwF5z-8?rel=0\" frameborder=\"0\" allowfullscreen><\/iframe><br \/>\n<br \/>\n<iframe loading=\"lazy\" width=\"600\" height=\"338\" src=\"http:\/\/www.youtube-nocookie.com\/embed\/GQNsbUHMDLw?rel=0\" frameborder=\"0\" allowfullscreen><\/iframe><br \/>\n&nbsp;<\/p>\n<p style=\"text-align: center;\"><a href=\"http:\/\/www.50aniversariocecallosa.jmremedia.com\/?page_id=55\">Volver<\/a><\/p>\n","protected":false},"excerpt":{"rendered":"<p>Documentos \u00a0Porteadores de la 50\u00ba subida del bel\u00e9n a la cruz de Enmedio [+] Fotos Subida del Bel\u00e9n a la sierra [+] Subida del Bel\u00e9n (Paco Marco) [+] Fotos compartidas en facebook y de Mari Cruz [+] Foto a\u00e9rea (cortes\u00eda &hellip; <a href=\"http:\/\/www.50aniversariocecallosa.jmremedia.com\/?page_id=73\">Sigue leyendo <span class=\"meta-nav\">&rarr;<\/span><\/a><\/p>\n","protected":false},"author":1,"featured_media":0,"parent":55,"menu_order":2,"comment_status":"open","ping_status":"open","template":"","meta":{"ngg_post_thumbnail":0,"footnotes":""},"class_list":["post-73","page","type-page","status-publish","hentry"],"_links":{"self":[{"href":"http:\/\/www.50aniversariocecallosa.jmremedia.com\/index.php?rest_route=\/wp\/v2\/pages\/73","targetHints":{"allow":["GET"]}}],"collection":[{"href":"http:\/\/www.50aniversariocecallosa.jmremedia.com\/index.php?rest_route=\/wp\/v2\/pages"}],"about":[{"href":"http:\/\/www.50aniversariocecallosa.jmremedia.com\/index.php?rest_route=\/wp\/v2\/types\/page"}],"author":[{"embeddable":true,"href":"http:\/\/www.50aniversariocecallosa.jmremedia.com\/index.php?rest_route=\/wp\/v2\/users\/1"}],"replies":[{"embeddable":true,"href":"http:\/\/www.50aniversariocecallosa.jmremedia.com\/index.php?rest_route=%2Fwp%2Fv2%2Fcomments&post=73"}],"version-history":[{"count":10,"href":"http:\/\/www.50aniversariocecallosa.jmremedia.com\/index.php?rest_route=\/wp\/v2\/pages\/73\/revisions"}],"predecessor-version":[{"id":76,"href":"http:\/\/www.50aniversariocecallosa.jmremedia.com\/index.php?rest_route=\/wp\/v2\/pages\/73\/revisions\/76"}],"up":[{"embeddable":true,"href":"http:\/\/www.50aniversariocecallosa.jmremedia.com\/index.php?rest_route=\/wp\/v2\/pages\/55"}],"wp:attachment":[{"href":"http:\/\/www.50aniversariocecallosa.jmremedia.com\/index.php?rest_route=%2Fwp%2Fv2%2Fmedia&parent=73"}],"curies":[{"name":"wp","href":"https:\/\/api.w.org\/{rel}","templated":true}]}}