{"id":11,"date":"2011-11-14T15:43:50","date_gmt":"2011-11-14T15:43:50","guid":{"rendered":"http:\/\/www.50aniversariocecallosa.jmremedia.com\/?page_id=11"},"modified":"2011-11-26T12:52:26","modified_gmt":"2011-11-26T12:52:26","slug":"varios","status":"publish","type":"page","link":"http:\/\/www.50aniversariocecallosa.jmremedia.com\/?page_id=11","title":{"rendered":"Videos Varios"},"content":{"rendered":"<p>A continuaci\u00f3n os mostramos algunos de los v\u00eddeos realizados de diversas actividades.<\/p>\n<p><strong>Inauguraci\u00f3n del club de monta\u00f1eros <\/strong><\/p>\n<p>[wposflv src=http:\/\/www.50aniversariocecallosa.jmremedia.com\/video_origen\/Inauguracion_Club_Montanyeros_480x360.flv previewimage=http:\/\/www.50aniversariocecallosa.jmremedia.com\/video_origen\/Inauguracion_Club_Montanyeros_480x360.jpeg width=580 height=435 title=\u00bb Inauguraci\u00f3n del club de monta\u00f1eros\u00bb]<br \/>\n<a href=\"http:\/\/www.50aniversariocecallosa.jmremedia.com\/video_origen\/Inauguracion_Club_Montanyeros.avi\" target=\"_blank\"> Descargar video formato AVI [+]<\/a><\/p>\n<p><strong>Escuela de escalada  (24 de febrero de 1991)<\/strong><\/p>\n<p>[wposflv src=http:\/\/www.50aniversariocecallosa.jmremedia.com\/video_origen\/Escuela_de_escalada_24-02-91_480x360.flv previewimage=http:\/\/www.50aniversariocecallosa.jmremedia.com\/video_origen\/Escuela_de_escalada_24-02-91_480x360.jpeg width=580 height=435 title=\u00bbEscuela de escalada  (24 de febrero de 1991)\u00bb]<br \/>\n<a href=\"http:\/\/www.50aniversariocecallosa.jmremedia.com\/video_origen\/Escuela_de_escalada_24-02-91.avi\" target=\"_blank\"> Descargar video formato AVI [+]<\/a><\/p>\n<p><strong>Inundaciones de Callosa de Segura (1987)<\/strong><\/p>\n<p>[wposflv src=http:\/\/www.50aniversariocecallosa.jmremedia.com\/video_origen\/inundacion_callosa_1987_480x360.flv previewimage=http:\/\/www.50aniversariocecallosa.jmremedia.com\/video_origen\/inundacion_callosa_1987_480x360.jpeg width=580 height=435 title=\u00bbInundaciones en Callosa de Segura (1987)\u00bb]<br \/>\n<a href=\"http:\/\/www.50aniversariocecallosa.jmremedia.com\/video_origen\/inundacion_callosa_1987.avi\" target=\"_blank\"> Descargar video formato AVI [+]<\/a><\/p>\n<p><strong>Reforestaci\u00f3n de pinos (20 de marzo de 1983)<\/strong><\/p>\n<p>[wposflv src=http:\/\/www.50aniversariocecallosa.jmremedia.com\/video_origen\/plantar_pinos_20-03-83_480x360.flv previewimage=http:\/\/www.50aniversariocecallosa.jmremedia.com\/video_origen\/plantar_pinos_20-03-83_480x360.jpeg width=580 height=435 title=\u00bbReforestaci\u00f3n de pinos (20 de marzo de 1983)\u00bb]<br \/>\n<a href=\"http:\/\/www.50aniversariocecallosa.jmremedia.com\/video_origen\/plantar_pinos_20-03-83.avi\" target=\"_blank\"> Descargar video formato AVI [+]<\/a><\/p>\n","protected":false},"excerpt":{"rendered":"<p>A continuaci\u00f3n os mostramos algunos de los v\u00eddeos realizados de diversas actividades. Inauguraci\u00f3n del club de monta\u00f1eros [wposflv src=http:\/\/www.50aniversariocecallosa.jmremedia.com\/video_origen\/Inauguracion_Club_Montanyeros_480x360.flv previewimage=http:\/\/www.50aniversariocecallosa.jmremedia.com\/video_origen\/Inauguracion_Club_Montanyeros_480x360.jpeg width=580 height=435 title=\u00bb Inauguraci\u00f3n del club de monta\u00f1eros\u00bb] Descargar video formato AVI [+] Escuela de escalada (24 de febrero de &hellip; <a href=\"http:\/\/www.50aniversariocecallosa.jmremedia.com\/?page_id=11\">Sigue leyendo <span class=\"meta-nav\">&rarr;<\/span><\/a><\/p>\n","protected":false},"author":1,"featured_media":0,"parent":0,"menu_order":0,"comment_status":"closed","ping_status":"closed","template":"","meta":{"ngg_post_thumbnail":0,"footnotes":""},"class_list":["post-11","page","type-page","status-publish","hentry"],"_links":{"self":[{"href":"http:\/\/www.50aniversariocecallosa.jmremedia.com\/index.php?rest_route=\/wp\/v2\/pages\/11","targetHints":{"allow":["GET"]}}],"collection":[{"href":"http:\/\/www.50aniversariocecallosa.jmremedia.com\/index.php?rest_route=\/wp\/v2\/pages"}],"about":[{"href":"http:\/\/www.50aniversariocecallosa.jmremedia.com\/index.php?rest_route=\/wp\/v2\/types\/page"}],"author":[{"embeddable":true,"href":"http:\/\/www.50aniversariocecallosa.jmremedia.com\/index.php?rest_route=\/wp\/v2\/users\/1"}],"replies":[{"embeddable":true,"href":"http:\/\/www.50aniversariocecallosa.jmremedia.com\/index.php?rest_route=%2Fwp%2Fv2%2Fcomments&post=11"}],"version-history":[{"count":7,"href":"http:\/\/www.50aniversariocecallosa.jmremedia.com\/index.php?rest_route=\/wp\/v2\/pages\/11\/revisions"}],"predecessor-version":[{"id":43,"href":"http:\/\/www.50aniversariocecallosa.jmremedia.com\/index.php?rest_route=\/wp\/v2\/pages\/11\/revisions\/43"}],"wp:attachment":[{"href":"http:\/\/www.50aniversariocecallosa.jmremedia.com\/index.php?rest_route=%2Fwp%2Fv2%2Fmedia&parent=11"}],"curies":[{"name":"wp","href":"https:\/\/api.w.org\/{rel}","templated":true}]}}