{"id":108,"date":"2013-01-06T19:43:30","date_gmt":"2013-01-06T19:43:30","guid":{"rendered":"http:\/\/www.50aniversariocecallosa.jmremedia.com\/?page_id=108"},"modified":"2013-01-06T20:04:55","modified_gmt":"2013-01-06T20:04:55","slug":"subida-del-belen-fotos-de-jesus-franco-gomez-reportaje-2","status":"publish","type":"page","link":"http:\/\/www.50aniversariocecallosa.jmremedia.com\/?page_id=108","title":{"rendered":"Subida del Bel\u00e9n (Fotos de Jes\u00fas Franco G\u00f3mez) &#8211; Reportaje 2"},"content":{"rendered":"<div align=\"center\"><img loading=\"lazy\" decoding=\"async\" alt=\"Cartel 50 aniversario\" src=\"http:\/\/www.50aniversariocecallosa.jmremedia.com\/wp-content\/uploads\/2013\/01\/Cartel_IMG_7264-218x300.jpg\" width=\"218\" height=\"300\" \/><\/div>\n<p>El d\u00eda 16 de diciembre se llev\u00f3 a cabo la 50 subida del Bel\u00e9n a la Sierra. Fotos cortes\u00eda de Jes\u00fas Franco G\u00f3mez.<\/p>\nngg_shortcode_0_placeholder\n<p style=\"text-align: center;\"><a href=\"http:\/\/www.50aniversariocecallosa.jmremedia.com\/?page_id=55\" >Volver<\/a><\/p>\n","protected":false},"excerpt":{"rendered":"<p>El d\u00eda 16 de diciembre se llev\u00f3 a cabo la 50 subida del Bel\u00e9n a la Sierra. Fotos cortes\u00eda de Jes\u00fas Franco G\u00f3mez. Volver<\/p>\n","protected":false},"author":1,"featured_media":0,"parent":73,"menu_order":0,"comment_status":"open","ping_status":"closed","template":"","meta":{"ngg_post_thumbnail":0,"footnotes":""},"class_list":["post-108","page","type-page","status-publish","hentry"],"_links":{"self":[{"href":"http:\/\/www.50aniversariocecallosa.jmremedia.com\/index.php?rest_route=\/wp\/v2\/pages\/108","targetHints":{"allow":["GET"]}}],"collection":[{"href":"http:\/\/www.50aniversariocecallosa.jmremedia.com\/index.php?rest_route=\/wp\/v2\/pages"}],"about":[{"href":"http:\/\/www.50aniversariocecallosa.jmremedia.com\/index.php?rest_route=\/wp\/v2\/types\/page"}],"author":[{"embeddable":true,"href":"http:\/\/www.50aniversariocecallosa.jmremedia.com\/index.php?rest_route=\/wp\/v2\/users\/1"}],"replies":[{"embeddable":true,"href":"http:\/\/www.50aniversariocecallosa.jmremedia.com\/index.php?rest_route=%2Fwp%2Fv2%2Fcomments&post=108"}],"version-history":[{"count":3,"href":"http:\/\/www.50aniversariocecallosa.jmremedia.com\/index.php?rest_route=\/wp\/v2\/pages\/108\/revisions"}],"predecessor-version":[{"id":118,"href":"http:\/\/www.50aniversariocecallosa.jmremedia.com\/index.php?rest_route=\/wp\/v2\/pages\/108\/revisions\/118"}],"up":[{"embeddable":true,"href":"http:\/\/www.50aniversariocecallosa.jmremedia.com\/index.php?rest_route=\/wp\/v2\/pages\/73"}],"wp:attachment":[{"href":"http:\/\/www.50aniversariocecallosa.jmremedia.com\/index.php?rest_route=%2Fwp%2Fv2%2Fmedia&parent=108"}],"curies":[{"name":"wp","href":"https:\/\/api.w.org\/{rel}","templated":true}]}}